{"id":336,"date":"2015-03-10T02:44:54","date_gmt":"2015-03-10T02:44:54","guid":{"rendered":"http:\/\/structure.thememove.com\/01\/?page_id=336"},"modified":"2024-09-10T00:27:02","modified_gmt":"2024-09-10T00:27:02","slug":"renta-plantas-electricas-2","status":"publish","type":"page","link":"https:\/\/besolutions.com.mx\/new\/renta-plantas-electricas-2\/","title":{"rendered":"Renta de equipo"},"content":{"rendered":"<p>[et_pb_section fb_built=\u00bb1&#8243; admin_label=\u00bbsection\u00bb _builder_version=\u00bb4.27.0&#8243; background_enable_color=\u00bboff\u00bb use_background_color_gradient=\u00bbon\u00bb background_color_gradient_stops=\u00bb#ffffff 0%|gcid-c67e4c14-9f9a-4541-bcfb-a3dbe227e267 79%\u00bb custom_margin=\u00bb0px||0px||false|false\u00bb custom_padding=\u00bb0px||0px||false|false\u00bb locked=\u00bboff\u00bb global_colors_info=\u00bb{%22gcid-67960745-cc0c-4d73-b86b-ef2d6023be78%22:%91%22background_color%22%93}\u00bb][et_pb_row _builder_version=\u00bb4.20.0&#8243; _module_preset=\u00bbdefault\u00bb locked=\u00bboff\u00bb global_colors_info=\u00bb{}\u00bb][et_pb_column type=\u00bb4_4&#8243; _builder_version=\u00bb4.20.0&#8243; _module_preset=\u00bbdefault\u00bb global_colors_info=\u00bb{}\u00bb][et_pb_text _builder_version=\u00bb4.27.0&#8243; _module_preset=\u00bb4de7c9b7-567e-4a5d-bf83-cdf4aab7b3c6&#8243; text_font=\u00bbOutfit||||||||\u00bb text_text_color=\u00bb#999999&#8243; text_font_size=\u00bb19px\u00bb header_2_font=\u00bbMontserrat|700|||||||\u00bb header_2_font_size=\u00bb66px\u00bb custom_margin=\u00bb0px||0px||false|false\u00bb custom_padding=\u00bb0px||20px||false|false\u00bb global_colors_info=\u00bb{}\u00bb]<\/p>\n<p>SERVICIOS<\/p>\n<p>[\/et_pb_text][et_pb_divider divider_weight=\u00bb2px\u00bb _builder_version=\u00bb4.27.0&#8243; _module_preset=\u00bbdefault\u00bb custom_margin=\u00bb0px||0px||false|false\u00bb custom_padding=\u00bb0px||0px||false|false\u00bb global_colors_info=\u00bb{}\u00bb][\/et_pb_divider][et_pb_text _builder_version=\u00bb4.27.0&#8243; _module_preset=\u00bb4de7c9b7-567e-4a5d-bf83-cdf4aab7b3c6&#8243; header_2_font=\u00bbOutfit|500|||||||\u00bb header_2_text_align=\u00bbcenter\u00bb header_2_font_size=\u00bb66px\u00bb custom_margin=\u00bb0px||0px||false|false\u00bb custom_padding=\u00bb0px||0px||false|false\u00bb header_2_font_size_tablet=\u00bb50px\u00bb header_2_font_size_phone=\u00bb40px\u00bb header_2_font_size_last_edited=\u00bbon|phone\u00bb global_colors_info=\u00bb{}\u00bb]<\/p>\n<h2>Renta de Equipo<\/h2>\n<p>[\/et_pb_text][\/et_pb_column][\/et_pb_row][et_pb_row column_structure=\u00bb1_5,1_5,1_5,1_5,1_5&#8243; _builder_version=\u00bb4.27.0&#8243; _module_preset=\u00bbdefault\u00bb locked=\u00bboff\u00bb global_colors_info=\u00bb{}\u00bb][et_pb_column type=\u00bb1_5&#8243; _builder_version=\u00bb4.27.0&#8243; _module_preset=\u00bbdefault\u00bb global_colors_info=\u00bb{}\u00bb][\/et_pb_column][et_pb_column type=\u00bb1_5&#8243; _builder_version=\u00bb4.27.0&#8243; _module_preset=\u00bbdefault\u00bb global_colors_info=\u00bb{}\u00bb][et_pb_blurb title=\u00bbTodos Nuestros Equipos\u00bb url=\u00bb@ET-DC@eyJkeW5hbWljIjp0cnVlLCJjb250ZW50IjoicG9zdF9saW5rX3VybF9wYWdlIiwic2V0dGluZ3MiOnsicG9zdF9pZCI6Ijc0OTY2In19@\u00bb image=\u00bbhttps:\/\/besolutions.com.mx\/new\/wp-content\/uploads\/2024\/08\/ese-415-vw.jpg\u00bb image_icon_width=\u00bb80px\u00bb _builder_version=\u00bb4.27.0&#8243; _dynamic_attributes=\u00bburl\u00bb _module_preset=\u00bbdefault\u00bb header_font=\u00bb&#8211;et_global_heading_font||||||||\u00bb header_text_align=\u00bbcenter\u00bb image_icon_custom_margin=\u00bb0px|0px|0px|0px|false|false\u00bb image_icon_custom_padding=\u00bb0px|0px|0px|0px|false|false\u00bb text_orientation=\u00bbcenter\u00bb custom_margin=\u00bb0px|0px|0px|0px|false|false\u00bb custom_padding=\u00bb0px|0px|0px|0px|false|false\u00bb border_width_all=\u00bb0px\u00bb border_radii_image=\u00bbon|260px|260px|260px|260px\u00bb global_colors_info=\u00bb{}\u00bb background__hover_enabled=\u00bbon|hover\u00bb background_color__hover=\u00bbRGBA(255,255,255,0)\u00bb background_enable_color__hover=\u00bbon\u00bb image_icon_background_color__hover_enabled=\u00bbon|desktop\u00bb image_icon_background_color__hover=\u00bb#FFFFFF\u00bb][\/et_pb_blurb][\/et_pb_column][et_pb_column type=\u00bb1_5&#8243; _builder_version=\u00bb4.27.0&#8243; _module_preset=\u00bbdefault\u00bb global_colors_info=\u00bb{}\u00bb][et_pb_blurb title=\u00bbPort\u00e1tiles\u00bb url=\u00bb@ET-DC@eyJkeW5hbWljIjp0cnVlLCJjb250ZW50IjoicG9zdF9saW5rX3VybF9wYWdlIiwic2V0dGluZ3MiOnsicG9zdF9pZCI6Ijc0OTg3In19@\u00bb image=\u00bbhttps:\/\/besolutions.com.mx\/new\/wp-content\/uploads\/2024\/08\/ese-2006-gasolina.jpg\u00bb image_icon_width=\u00bb80px\u00bb _builder_version=\u00bb4.27.0&#8243; _dynamic_attributes=\u00bburl\u00bb _module_preset=\u00bbdefault\u00bb header_font=\u00bb&#8211;et_global_heading_font||||||||\u00bb header_text_align=\u00bbcenter\u00bb image_icon_custom_margin=\u00bb0px|0px|0px|0px|false|false\u00bb image_icon_custom_padding=\u00bb0px|0px|0px|0px|false|false\u00bb text_orientation=\u00bbcenter\u00bb custom_margin=\u00bb0px|0px|0px|0px|false|false\u00bb custom_padding=\u00bb0px|0px|0px|0px|false|false\u00bb border_width_all=\u00bb0px\u00bb border_radii_image=\u00bbon|260px|260px|260px|260px\u00bb global_colors_info=\u00bb{}\u00bb background__hover_enabled=\u00bbon|hover\u00bb background_color__hover=\u00bbRGBA(255,255,255,0)\u00bb background_enable_color__hover=\u00bbon\u00bb image_icon_background_color__hover_enabled=\u00bbon|desktop\u00bb image_icon_background_color__hover=\u00bb#FFFFFF\u00bb][\/et_pb_blurb][\/et_pb_column][et_pb_column type=\u00bb1_5&#8243; _builder_version=\u00bb4.27.0&#8243; _module_preset=\u00bbdefault\u00bb global_colors_info=\u00bb{}\u00bb][et_pb_blurb title=\u00bbIndustria y Construcci\u00f3n\u00bb url=\u00bb@ET-DC@eyJkeW5hbWljIjp0cnVlLCJjb250ZW50IjoicG9zdF9saW5rX3VybF9wYWdlIiwic2V0dGluZ3MiOnsicG9zdF9pZCI6Ijc0OTg5In19@\u00bb image=\u00bbhttps:\/\/besolutions.com.mx\/new\/wp-content\/uploads\/2024\/08\/ese-705-vw-as.jpg\u00bb image_icon_width=\u00bb80px\u00bb _builder_version=\u00bb4.27.0&#8243; _dynamic_attributes=\u00bburl\u00bb _module_preset=\u00bbdefault\u00bb header_font=\u00bb&#8211;et_global_heading_font||||||||\u00bb header_text_align=\u00bbcenter\u00bb image_icon_custom_margin=\u00bb0px|0px|0px|0px|false|false\u00bb image_icon_custom_padding=\u00bb0px|0px|0px|0px|false|false\u00bb text_orientation=\u00bbcenter\u00bb custom_margin=\u00bb0px|0px|0px|0px|false|false\u00bb custom_padding=\u00bb0px|0px|0px|0px|false|false\u00bb border_width_all=\u00bb0px\u00bb border_radii_image=\u00bbon|260px|260px|260px|260px\u00bb global_colors_info=\u00bb{}\u00bb background__hover_enabled=\u00bbon|hover\u00bb background_color__hover=\u00bbRGBA(255,255,255,0)\u00bb background_enable_color__hover=\u00bbon\u00bb image_icon_background_color__hover_enabled=\u00bbon|desktop\u00bb image_icon_background_color__hover=\u00bb#FFFFFF\u00bb][\/et_pb_blurb][\/et_pb_column][et_pb_column type=\u00bb1_5&#8243; _builder_version=\u00bb4.27.0&#8243; _module_preset=\u00bbdefault\u00bb global_colors_info=\u00bb{}\u00bb][\/et_pb_column][\/et_pb_row][et_pb_row column_structure=\u00bb3_5,2_5&#8243; _builder_version=\u00bb4.27.0&#8243; _module_preset=\u00bbdefault\u00bb custom_margin=\u00bb0px||0px||false|false\u00bb custom_padding=\u00bb0px||0px||false|false\u00bb global_colors_info=\u00bb{}\u00bb][et_pb_column type=\u00bb3_5&#8243; _builder_version=\u00bb4.27.0&#8243; _module_preset=\u00bbdefault\u00bb global_colors_info=\u00bb{}\u00bb][et_pb_image src=\u00bbhttps:\/\/besolutions.com.mx\/new\/wp-content\/uploads\/2024\/08\/ese-705-vw-as.jpg\u00bb title_text=\u00bbese-705-vw-as.jpg\u00bb _builder_version=\u00bb4.27.0&#8243; _module_preset=\u00bbdefault\u00bb custom_margin=\u00bb0px||0px||false|false\u00bb custom_padding=\u00bb0px||0px||false|false\u00bb border_radii=\u00bboff|||15px|15px\u00bb global_colors_info=\u00bb{}\u00bb][\/et_pb_image][et_pb_divider show_divider=\u00bboff\u00bb _builder_version=\u00bb4.27.0&#8243; _module_preset=\u00bbdefault\u00bb height=\u00bb20px\u00bb custom_margin=\u00bb0px||0px||false|false\u00bb custom_padding=\u00bb0px||0px||false|false\u00bb global_colors_info=\u00bb{}\u00bb][\/et_pb_divider][et_pb_text _builder_version=\u00bb4.27.0&#8243; _module_preset=\u00bb_initial\u00bb header_2_font=\u00bbOutfit|300|||||||\u00bb header_2_text_color=\u00bbgcid-40afeb94-f3a1-4b01-a695-ff82654e75f2&#8243; header_2_font_size=\u00bb30px\u00bb header_2_line_height=\u00bb1.3em\u00bb custom_margin=\u00bb||10px||false|false\u00bb header_2_font_size_tablet=\u00bb32px\u00bb header_2_font_size_phone=\u00bb20px\u00bb header_2_font_size_last_edited=\u00bbon|desktop\u00bb locked=\u00bboff\u00bb global_colors_info=\u00bb{%22gcid-40afeb94-f3a1-4b01-a695-ff82654e75f2%22:%91%22header_2_text_color%22%93}\u00bb]<\/p>\n<h2>Condiciones Comerciales<\/h2>\n<p>[\/et_pb_text][et_pb_divider divider_weight=\u00bb2px\u00bb _builder_version=\u00bb4.27.0&#8243; _module_preset=\u00bbdefault\u00bb custom_margin=\u00bb0px||0px||false|false\u00bb custom_padding=\u00bb0px||0px||false|false\u00bb global_colors_info=\u00bb{}\u00bb][\/et_pb_divider][et_pb_text _builder_version=\u00bb4.27.0&#8243; _module_preset=\u00bbdefault\u00bb text_font=\u00bbOutfit||||||||\u00bb global_colors_info=\u00bb{}\u00bb]<\/p>\n<ul class=\"listing\">\n<li>Pago por anticipado \u00a0del primer periodo.<\/li>\n<li><i class=\"fa fa-check\"><\/i>Copia Acta Constitutiva de la empresa.<\/li>\n<li><i class=\"fa fa-check\"><\/i>Copia Poder Notarial de Representante Legal.<\/li>\n<li><i class=\"fa fa-check\"><\/i>Copia de Identificaci\u00f3n Oficial de Representante Legal.<\/li>\n<li><i class=\"fa fa-check\"><\/i>Comprobante de domicilio.<\/li>\n<li><i class=\"fa fa-check\"><\/i>Constancia de Situaci\u00f3n Fiscal.<\/li>\n<li><i class=\"fa fa-check\"><\/i>Firma de Contrato, P\u00f3liza de Seguro y\/o Pagar\u00e9.<\/li>\n<\/ul>\n<p>[\/et_pb_text][et_pb_text _builder_version=\u00bb4.27.0&#8243; _module_preset=\u00bb_initial\u00bb header_2_font=\u00bbOutfit|300|||||||\u00bb header_2_text_color=\u00bbgcid-40afeb94-f3a1-4b01-a695-ff82654e75f2&#8243; header_2_font_size=\u00bb30px\u00bb header_2_line_height=\u00bb1.3em\u00bb custom_margin=\u00bb||10px||false|false\u00bb header_2_font_size_tablet=\u00bb32px\u00bb header_2_font_size_phone=\u00bb20px\u00bb header_2_font_size_last_edited=\u00bbon|desktop\u00bb locked=\u00bboff\u00bb global_colors_info=\u00bb{%22gcid-40afeb94-f3a1-4b01-a695-ff82654e75f2%22:%91%22header_2_text_color%22%93}\u00bb]<\/p>\n<h2>Importante<\/h2>\n<p>[\/et_pb_text][et_pb_divider divider_weight=\u00bb2px\u00bb _builder_version=\u00bb4.27.0&#8243; _module_preset=\u00bbdefault\u00bb custom_margin=\u00bb0px||0px||false|false\u00bb custom_padding=\u00bb0px||0px||false|false\u00bb global_colors_info=\u00bb{}\u00bb][\/et_pb_divider][et_pb_text _builder_version=\u00bb4.27.0&#8243; _module_preset=\u00bbdefault\u00bb text_font=\u00bbOutfit||||||||\u00bb global_colors_info=\u00bb{}\u00bb]<\/p>\n<ul class=\"listing\">\n<li>En nuestros precios incluye el mantenimiento cada 250hr de trabajo; efectuado por personal especializado de nuestra empresa.<\/li>\n<li><i class=\"fa fa-check\"><\/i>En el costo de la renta No incluye suministro Di\u00e9sel; si requiere se cotizar\u00e1 por separado.<\/li>\n<\/ul>\n<p>[\/et_pb_text][\/et_pb_column][et_pb_column type=\u00bb2_5&#8243; _builder_version=\u00bb4.27.0&#8243; _module_preset=\u00bbdefault\u00bb global_colors_info=\u00bb{}\u00bb][et_pb_divider show_divider=\u00bboff\u00bb _builder_version=\u00bb4.27.0&#8243; _module_preset=\u00bbdefault\u00bb height=\u00bb100px\u00bb custom_margin=\u00bb0px||0px||false|false\u00bb custom_padding=\u00bb0px||0px||false|false\u00bb global_colors_info=\u00bb{}\u00bb][\/et_pb_divider][et_pb_text _builder_version=\u00bb4.27.0&#8243; _module_preset=\u00bb_initial\u00bb header_2_font=\u00bbOutfit|300|||||||\u00bb header_2_text_color=\u00bbgcid-40afeb94-f3a1-4b01-a695-ff82654e75f2&#8243; header_2_font_size=\u00bb30px\u00bb header_2_line_height=\u00bb1.3em\u00bb custom_margin=\u00bb||10px||false|false\u00bb header_2_font_size_tablet=\u00bb32px\u00bb header_2_font_size_phone=\u00bb20px\u00bb header_2_font_size_last_edited=\u00bbon|desktop\u00bb locked=\u00bboff\u00bb global_colors_info=\u00bb{%22gcid-40afeb94-f3a1-4b01-a695-ff82654e75f2%22:%91%22header_2_text_color%22%93}\u00bb]<\/p>\n<h2>Cotizar Renta de Equipo<\/h2>\n<p>[\/et_pb_text][et_pb_divider divider_weight=\u00bb2px\u00bb _builder_version=\u00bb4.27.0&#8243; _module_preset=\u00bbdefault\u00bb custom_margin=\u00bb0px||0px||false|false\u00bb custom_padding=\u00bb0px||0px||false|false\u00bb global_colors_info=\u00bb{}\u00bb][\/et_pb_divider][et_pb_text _builder_version=\u00bb4.27.0&#8243; _module_preset=\u00bbdefault\u00bb global_colors_info=\u00bb{}\u00bb]<\/p>\n<p>Si conoces las caracter\u00edsticas del generador que requieres, llena el siguiente formulario para ofrecerte nuestra mejor opci\u00f3n.<\/p>\n<p>[\/et_pb_text][dvppl_cf7_styler button_alignment=\u00bbright\u00bb cf7=\u00bb75258&#8243; form_field_spacing=\u00bb0px\u00bb cr_custom_styles=\u00bbon\u00bb cr_size=\u00bb15px\u00bb cr_selected_color=\u00bbgcid-primary-color\u00bb _builder_version=\u00bb4.27.0&#8243; _module_preset=\u00bbdefault\u00bb form_field_font_font=\u00bbOutfit||||||||\u00bb placeholder_font=\u00bbOutfit||||||||\u00bb custom_submit_button=\u00bbon\u00bb submit_button_bg_color=\u00bbgcid-primary-color\u00bb submit_button_border_width=\u00bb2px\u00bb submit_button_border_color=\u00bbgcid-primary-color\u00bb submit_button_font=\u00bbOutfit||||||||\u00bb border_radii_field=\u00bbon|4px|4px|4px|4px\u00bb global_colors_info=\u00bb{%22gcid-primary-color%22:%91%22cr_selected_color%22,%22submit_button_bg_color%22,%22submit_button_border_color%22%93}\u00bb][\/dvppl_cf7_styler][\/et_pb_column][\/et_pb_row][\/et_pb_section][et_pb_section fb_built=\u00bb1&#8243; _builder_version=\u00bb4.27.0&#8243; _module_preset=\u00bbdefault\u00bb background_color=\u00bb#f6f5f4&#8243; custom_margin=\u00bb0px||0px||false|false\u00bb custom_padding=\u00bb0px||0px||false|false\u00bb locked=\u00bboff\u00bb global_colors_info=\u00bb{}\u00bb][et_pb_row _builder_version=\u00bb4.27.0&#8243; _module_preset=\u00bbdefault\u00bb custom_margin=\u00bb0px||0px||false|false\u00bb custom_padding=\u00bb0px||0px||false|false\u00bb global_colors_info=\u00bb{}\u00bb][et_pb_column type=\u00bb4_4&#8243; _builder_version=\u00bb4.27.0&#8243; _module_preset=\u00bbdefault\u00bb global_colors_info=\u00bb{}\u00bb][et_pb_divider show_divider=\u00bboff\u00bb _builder_version=\u00bb4.27.0&#8243; _module_preset=\u00bbdefault\u00bb height=\u00bb60px\u00bb custom_margin=\u00bb0px||0px||false|false\u00bb custom_padding=\u00bb0px||0px||false|false\u00bb global_colors_info=\u00bb{}\u00bb][\/et_pb_divider][\/et_pb_column][\/et_pb_row][\/et_pb_section][et_pb_section fb_built=\u00bb1&#8243; _builder_version=\u00bb4.27.0&#8243; _module_preset=\u00bbdefault\u00bb use_background_color_gradient=\u00bbon\u00bb background_color_gradient_direction=\u00bb125deg\u00bb background_color_gradient_stops=\u00bb#fdc502 55%|#f7b200 69%\u00bb custom_margin=\u00bb0px||0px||false|false\u00bb custom_padding=\u00bb30px||30px||false|false\u00bb global_module=\u00bb76046&#8243; global_colors_info=\u00bb{}\u00bb][et_pb_row column_structure=\u00bb3_4,1_4&#8243; make_equal=\u00bbon\u00bb _builder_version=\u00bb4.27.0&#8243; _module_preset=\u00bbdefault\u00bb custom_margin=\u00bb0px||0px||false|false\u00bb custom_padding=\u00bb0px||0px||false|false\u00bb global_colors_info=\u00bb{}\u00bb][et_pb_column type=\u00bb3_4&#8243; _builder_version=\u00bb4.27.0&#8243; _module_preset=\u00bbdefault\u00bb global_colors_info=\u00bb{}\u00bb][et_pb_text _builder_version=\u00bb4.27.0&#8243; _module_preset=\u00bbdefault\u00bb text_font=\u00bbOutfit|600|||||||\u00bb text_text_color=\u00bb#FFFFFF\u00bb text_font_size=\u00bb18px\u00bb text_letter_spacing=\u00bb1px\u00bb text_orientation=\u00bbcenter\u00bb background_layout=\u00bbdark\u00bb custom_margin=\u00bb0px||0px||false|false\u00bb custom_padding=\u00bb7px||0px||false|false\u00bb global_colors_info=\u00bb{}\u00bb]<\/p>\n<p>Si quieres saber m\u00e1s sobre nuestros productos y servicios<\/p>\n<p>[\/et_pb_text][\/et_pb_column][et_pb_column type=\u00bb1_4&#8243; _builder_version=\u00bb4.27.0&#8243; _module_preset=\u00bbdefault\u00bb global_colors_info=\u00bb{}\u00bb][et_pb_button button_url=\u00bb@ET-DC@eyJkeW5hbWljIjp0cnVlLCJjb250ZW50IjoicG9zdF9saW5rX3VybF9wYWdlIiwic2V0dGluZ3MiOnsicG9zdF9pZCI6IjczODk4In19@\u00bb button_text=\u00bbCont\u00e1ctanos\u00bb button_alignment=\u00bbleft\u00bb button_alignment_tablet=\u00bbcenter\u00bb button_alignment_phone=\u00bb\u00bb button_alignment_last_edited=\u00bbon|phone\u00bb _builder_version=\u00bb4.27.0&#8243; _dynamic_attributes=\u00bbbutton_url\u00bb _module_preset=\u00bbdefault\u00bb custom_button=\u00bbon\u00bb button_text_size=\u00bb18px\u00bb button_text_color=\u00bb#FFFFFF\u00bb button_bg_color=\u00bbgcid-primary-color\u00bb button_border_width=\u00bb2px\u00bb button_border_color=\u00bb#FFFFFF\u00bb button_border_radius=\u00bb7px\u00bb button_font=\u00bbOutfit|500|||||||\u00bb button_icon=\u00bb&#x39;||divi||400&#8243; button_icon_color=\u00bb#FFFFFF\u00bb button_icon_placement=\u00bbleft\u00bb custom_margin=\u00bb0px||0px|-19px|false|false\u00bb custom_padding=\u00bb0px||0px||false|false\u00bb locked=\u00bboff\u00bb global_colors_info=\u00bb{%22gcid-bfa7fe62-254b-41c2-9e7c-1655cf29ea48%22:%91%22button_bg_color__hover%22%93,%22gcid-primary-color%22:%91%22button_bg_color%22%93}\u00bb button_text_color__hover_enabled=\u00bbon|hover\u00bb button_text_color__hover=\u00bb#FFFFFF\u00bb button_bg_color__hover_enabled=\u00bbon|desktop\u00bb button_bg_color__hover=\u00bb#ffa100&#8243; button_bg_enable_color__hover=\u00bbon\u00bb][\/et_pb_button][\/et_pb_column][\/et_pb_row][\/et_pb_section]<\/p>\n","protected":false},"excerpt":{"rendered":"<p>SERVICIOSRenta de EquipoCondiciones Comerciales Pago por anticipado \u00a0del primer periodo. Copia Acta Constitutiva de la empresa. Copia Poder Notarial de Representante Legal. Copia de Identificaci\u00f3n Oficial de Representante Legal. Comprobante de domicilio. Constancia de Situaci\u00f3n Fiscal. Firma de Contrato, P\u00f3liza de Seguro y\/o Pagar\u00e9. Importante En nuestros precios incluye el mantenimiento cada 250hr de trabajo; [&hellip;]<\/p>\n","protected":false},"author":5,"featured_media":0,"parent":0,"menu_order":0,"comment_status":"closed","ping_status":"closed","template":"","meta":{"_et_pb_use_builder":"on","_et_pb_old_content":"[vc_row css=\".vc_custom_1472167963713{margin-top: 0px !important;margin-bottom: 0px !important;}\"][vc_column width=\"2\/3\"][vc_empty_space height=\"20\"][vc_column_text css_animation=\"left-to-right\"]<img class=\"aligncenter size-full wp-image-75256\" src=\"https:\/\/besolutions.com.mx\/wp-content\/uploads\/2015\/03\/renta-equipo.jpg\" alt=\"renta-equipo\" width=\"600\" height=\"382\" \/>[\/vc_column_text][vc_empty_space height=\"20\"][vc_custom_heading text=\"Condiciones Comerciales:\" font_container=\"tag:h2|font_size:20|text_align:left\" el_class=\"heading-title-3\"][vc_column_text css_animation=\"right-to-left\"]\r\n<ul class=\"listing\">\r\n \t<li><i class=\"fa fa-check\"><\/i>Pago por anticipado \u00a0del primer periodo.<\/li>\r\n \t<li><i class=\"fa fa-check\"><\/i>Copia Acta Constitutiva de la empresa.<\/li>\r\n \t<li><i class=\"fa fa-check\"><\/i>Copia Poder Notarial de Representante Legal.<\/li>\r\n \t<li><i class=\"fa fa-check\"><\/i>Copia de Identificaci\u00f3n Oficial de Representante Legal.<\/li>\r\n \t<li><i class=\"fa fa-check\"><\/i>Comprobante de domicilio.<\/li>\r\n \t<li><i class=\"fa fa-check\"><\/i>Copia de Alta en Hacienda y copia del \u00faltimo pago de impuestos.<\/li>\r\n \t<li><i class=\"fa fa-check\"><\/i>Firma de Contrato, P\u00f3liza de Seguro y\/o Pagar\u00e9.<\/li>\r\n<\/ul>\r\n[\/vc_column_text][vc_empty_space height=\"20\"][vc_custom_heading text=\"Importante:\" font_container=\"tag:h2|font_size:20|text_align:left\" el_class=\"heading-title-3\"][vc_column_text css_animation=\"left-to-right\"]\r\n<ul class=\"listing\">\r\n \t<li><i class=\"fa fa-check\"><\/i>En nuestros precios incluye el mantenimiento cada 250hr de trabajo; efectuado por personal especializado de nuestra empresa.<\/li>\r\n \t<li><i class=\"fa fa-check\"><\/i>En el costo de la renta No incluye suministro Di\u00e9sel; si requiere se cotizar\u00e1 por separado.<\/li>\r\n<\/ul>\r\n[\/vc_column_text][vc_empty_space height=\"20\"][\/vc_column][vc_column width=\"1\/3\"][vc_custom_heading text=\"Cotizar\" el_class=\"heading-title-3\"][contact-form-7 id=\"75258\"][\/vc_column][\/vc_row][vc_row equal_height=\"yes\" background_color=\"#fdc502\" el_class=\"intro5\" css=\".vc_custom_1460183803443{margin-right: 0px !important;margin-left: 0px !important;background-color: #f7b200 !important;}\"][vc_column width=\"3\/4\" css=\".vc_custom_1460183897371{padding-top: 0px !important;padding-bottom: 0px !important;background-color: #fdc502 !important;}\"][vc_custom_heading text=\"Para m\u00e1s informaci\u00f3n\" font_container=\"tag:h2|font_size:20|text_align:left|color:%23ffffff\"][\/vc_column][vc_column width=\"1\/4\"][vc_btn title=\"CONT\u00c1CTANOS\" style=\"custom\" custom_text=\"#ffffff\" link=\"url:https%3A%2F%2Fwww.marketing4u.com.mx%2Fbesolutions%2Fcontacto%2F|||\"][\/vc_column][\/vc_row]","_et_gb_content_width":"","inline_featured_image":false,"footnotes":""},"class_list":["post-336","page","type-page","status-publish","hentry"],"_links":{"self":[{"href":"https:\/\/besolutions.com.mx\/new\/wp-json\/wp\/v2\/pages\/336","targetHints":{"allow":["GET"]}}],"collection":[{"href":"https:\/\/besolutions.com.mx\/new\/wp-json\/wp\/v2\/pages"}],"about":[{"href":"https:\/\/besolutions.com.mx\/new\/wp-json\/wp\/v2\/types\/page"}],"author":[{"embeddable":true,"href":"https:\/\/besolutions.com.mx\/new\/wp-json\/wp\/v2\/users\/5"}],"replies":[{"embeddable":true,"href":"https:\/\/besolutions.com.mx\/new\/wp-json\/wp\/v2\/comments?post=336"}],"version-history":[{"count":20,"href":"https:\/\/besolutions.com.mx\/new\/wp-json\/wp\/v2\/pages\/336\/revisions"}],"predecessor-version":[{"id":76510,"href":"https:\/\/besolutions.com.mx\/new\/wp-json\/wp\/v2\/pages\/336\/revisions\/76510"}],"wp:attachment":[{"href":"https:\/\/besolutions.com.mx\/new\/wp-json\/wp\/v2\/media?parent=336"}],"curies":[{"name":"wp","href":"https:\/\/api.w.org\/{rel}","templated":true}]}}