{"id":74975,"date":"2016-07-18T17:51:24","date_gmt":"2016-07-18T17:51:24","guid":{"rendered":"http:\/\/besolutions.com.mx\/?page_id=74975"},"modified":"2024-09-07T00:09:18","modified_gmt":"2024-09-07T00:09:18","slug":"generadores-industria-construccion","status":"publish","type":"page","link":"https:\/\/besolutions.com.mx\/new\/plantas-electricas\/generadores-industria-construccion\/","title":{"rendered":"Industria y construcci\u00f3n"},"content":{"rendered":"<p>[et_pb_section fb_built=\u00bb1&#8243; admin_label=\u00bbProducts\u00bb _builder_version=\u00bb4.27.0&#8243; _module_preset=\u00bbdefault\u00bb background_enable_color=\u00bboff\u00bb use_background_color_gradient=\u00bbon\u00bb background_color_gradient_stops=\u00bb#ffffff 0%|gcid-c67e4c14-9f9a-4541-bcfb-a3dbe227e267 79%\u00bb custom_margin=\u00bb0px||0px||false|false\u00bb custom_padding=\u00bb0px||0px||false|false\u00bb locked=\u00bboff\u00bb collapsed=\u00bbon\u00bb global_colors_info=\u00bb{%22gcid-67960745-cc0c-4d73-b86b-ef2d6023be78%22:%91%22background_color%22%93}\u00bb][et_pb_row _builder_version=\u00bb4.20.0&#8243; _module_preset=\u00bbdefault\u00bb global_colors_info=\u00bb{}\u00bb][et_pb_column type=\u00bb4_4&#8243; _builder_version=\u00bb4.20.0&#8243; _module_preset=\u00bbdefault\u00bb global_colors_info=\u00bb{}\u00bb][et_pb_text _builder_version=\u00bb4.27.0&#8243; _module_preset=\u00bb4de7c9b7-567e-4a5d-bf83-cdf4aab7b3c6&#8243; text_font=\u00bbOutfit||||||||\u00bb text_text_color=\u00bb#999999&#8243; text_font_size=\u00bb19px\u00bb header_2_font=\u00bbMontserrat|700|||||||\u00bb header_2_font_size=\u00bb66px\u00bb custom_margin=\u00bb0px||0px||false|false\u00bb custom_padding=\u00bb0px||20px||false|false\u00bb global_colors_info=\u00bb{}\u00bb]<\/p>\n<p>VENTA DE PLANTAS EL\u00c9CTRICAS<\/p>\n<p>[\/et_pb_text][et_pb_divider divider_weight=\u00bb2px\u00bb _builder_version=\u00bb4.27.0&#8243; _module_preset=\u00bbdefault\u00bb custom_margin=\u00bb0px||0px||false|false\u00bb custom_padding=\u00bb0px||0px||false|false\u00bb global_colors_info=\u00bb{}\u00bb][\/et_pb_divider][et_pb_text _builder_version=\u00bb4.27.0&#8243; _module_preset=\u00bb4de7c9b7-567e-4a5d-bf83-cdf4aab7b3c6&#8243; header_2_font=\u00bbOutfit|500|||||||\u00bb header_2_text_align=\u00bbcenter\u00bb header_2_font_size=\u00bb66px\u00bb custom_margin=\u00bb0px||0px||false|false\u00bb custom_padding=\u00bb0px||0px||false|false\u00bb global_colors_info=\u00bb{}\u00bb header_2_font_size_tablet=\u00bb50px\u00bb header_2_font_size_phone=\u00bb40px\u00bb header_2_font_size_last_edited=\u00bbon|phone\u00bb]<\/p>\n<h2>Para la Industria y la Construcci\u00f3n<\/h2>\n<p>[\/et_pb_text][\/et_pb_column][\/et_pb_row][et_pb_row _builder_version=\u00bb4.20.0&#8243; _module_preset=\u00bbdefault\u00bb global_colors_info=\u00bb{}\u00bb][et_pb_column type=\u00bb4_4&#8243; _builder_version=\u00bb4.20.0&#8243; _module_preset=\u00bbdefault\u00bb global_colors_info=\u00bb{}\u00bb][et_pb_shop type=\u00bbproduct_category\u00bb posts_number=\u00bb50&#8243; show_pagination=\u00bbon\u00bb include_categories=\u00bb27,24&#8243; columns_number=\u00bb4&#8243; orderby=\u00bbmenu_order\u00bb icon_hover_color=\u00bbgcid-primary-color\u00bb hover_icon=\u00bb&#xf0eb;||fa||400&#8243; _builder_version=\u00bb4.27.0&#8243; _module_preset=\u00bbffb623ed-7a8a-43d0-95fb-fa081ccd3dcf\u00bb text_orientation=\u00bbright\u00bb locked=\u00bboff\u00bb global_colors_info=\u00bb{%22gcid-a3412674-3498-4142-ac08-6afad8430048%22:%91%22price_text_color%22,%22rating_text_color%22,%22sale_badge_color%22,%22price_text_color%22,%22rating_text_color%22%93,%22gcid-primary-color%22:%91%22icon_hover_color%22%93}\u00bb][\/et_pb_shop][\/et_pb_column][\/et_pb_row][\/et_pb_section][et_pb_section fb_built=\u00bb1&#8243; _builder_version=\u00bb4.27.0&#8243; _module_preset=\u00bbdefault\u00bb global_module=\u00bb76112&#8243; saved_tabs=\u00bball\u00bb global_colors_info=\u00bb{}\u00bb][et_pb_row column_structure=\u00bb1_2,1_2&#8243; _builder_version=\u00bb4.27.0&#8243; _module_preset=\u00bbdefault\u00bb custom_margin=\u00bb0px||0px||false|false\u00bb custom_padding=\u00bb0px||0px||false|false\u00bb global_colors_info=\u00bb{}\u00bb][et_pb_column type=\u00bb1_2&#8243; _builder_version=\u00bb4.27.0&#8243; _module_preset=\u00bbdefault\u00bb global_colors_info=\u00bb{}\u00bb][et_pb_divider show_divider=\u00bboff\u00bb _builder_version=\u00bb4.27.0&#8243; _module_preset=\u00bbdefault\u00bb height=\u00bb100px\u00bb custom_margin=\u00bb0px||0px||false|false\u00bb custom_padding=\u00bb0px||0px||false|false\u00bb global_colors_info=\u00bb{}\u00bb][\/et_pb_divider][et_pb_text _builder_version=\u00bb4.27.0&#8243; _module_preset=\u00bb_initial\u00bb header_2_font=\u00bbOutfit|300|||||||\u00bb header_2_text_color=\u00bbgcid-40afeb94-f3a1-4b01-a695-ff82654e75f2&#8243; header_2_font_size=\u00bb30px\u00bb header_2_line_height=\u00bb1.3em\u00bb custom_margin=\u00bb||10px||false|false\u00bb header_2_font_size_tablet=\u00bb32px\u00bb header_2_font_size_phone=\u00bb20px\u00bb header_2_font_size_last_edited=\u00bbon|desktop\u00bb locked=\u00bboff\u00bb global_colors_info=\u00bb{%22gcid-40afeb94-f3a1-4b01-a695-ff82654e75f2%22:%91%22header_2_text_color%22%93}\u00bb]<\/p>\n<h2>Cotiza la Venta de un Equipo<\/h2>\n<p>[\/et_pb_text][et_pb_divider divider_weight=\u00bb2px\u00bb _builder_version=\u00bb4.27.0&#8243; _module_preset=\u00bbdefault\u00bb custom_margin=\u00bb0px||0px||false|false\u00bb custom_padding=\u00bb0px||0px||false|false\u00bb global_colors_info=\u00bb{}\u00bb][\/et_pb_divider][et_pb_text _builder_version=\u00bb4.27.0&#8243; _module_preset=\u00bbdefault\u00bb global_colors_info=\u00bb{}\u00bb]<\/p>\n<p>Si conoces las caracter\u00edsticas del generador que requieres, entra a la siguiente secci\u00f3n y llena el formulario para ofrecerte nuestra mejor opci\u00f3n.<\/p>\n<p>[\/et_pb_text][et_pb_button button_url=\u00bb@ET-DC@eyJkeW5hbWljIjp0cnVlLCJjb250ZW50IjoicG9zdF9saW5rX3VybF9wYWdlIiwic2V0dGluZ3MiOnsicG9zdF9pZCI6IjMzNCJ9fQ==@\u00bb button_text=\u00bbCOTIZAR\u00bb button_alignment=\u00bbcenter\u00bb _builder_version=\u00bb4.27.0&#8243; _dynamic_attributes=\u00bbbutton_url\u00bb _module_preset=\u00bbdefault\u00bb custom_button=\u00bbon\u00bb button_bg_color=\u00bbgcid-primary-color\u00bb button_border_color=\u00bbgcid-a3412674-3498-4142-ac08-6afad8430048&#8243; button_border_radius=\u00bb7px\u00bb button_font=\u00bbOutfit||||||||\u00bb button_icon=\u00bb&#x39;||divi||400&#8243; background_layout=\u00bbdark\u00bb custom_margin=\u00bb0px||0px||false|false\u00bb custom_padding=\u00bb0px|75px|0px|75px|false|false\u00bb global_colors_info=\u00bb{%22gcid-primary-color%22:%91%22button_bg_color%22%93,%22gcid-a3412674-3498-4142-ac08-6afad8430048%22:%91%22button_border_color%22%93}\u00bb][\/et_pb_button][\/et_pb_column][et_pb_column type=\u00bb1_2&#8243; _builder_version=\u00bb4.27.0&#8243; _module_preset=\u00bbdefault\u00bb global_colors_info=\u00bb{}\u00bb][et_pb_image src=\u00bbhttps:\/\/besolutions.com.mx\/new\/wp-content\/uploads\/2024\/08\/ese-705-vw-as.jpg\u00bb title_text=\u00bbese-705-vw-as.jpg\u00bb _builder_version=\u00bb4.27.0&#8243; _module_preset=\u00bbdefault\u00bb custom_margin=\u00bb0px||0px||false|false\u00bb custom_padding=\u00bb0px||0px||false|false\u00bb border_radii=\u00bboff|||15px|15px\u00bb global_colors_info=\u00bb{}\u00bb][\/et_pb_image][\/et_pb_column][\/et_pb_row][\/et_pb_section][et_pb_section fb_built=\u00bb1&#8243; _builder_version=\u00bb4.27.0&#8243; _module_preset=\u00bbdefault\u00bb use_background_color_gradient=\u00bbon\u00bb background_color_gradient_direction=\u00bb125deg\u00bb background_color_gradient_stops=\u00bb#fdc502 55%|#f7b200 69%\u00bb custom_margin=\u00bb0px||0px||false|false\u00bb custom_padding=\u00bb30px||30px||false|false\u00bb global_module=\u00bb76046&#8243; global_colors_info=\u00bb{}\u00bb][et_pb_row column_structure=\u00bb3_4,1_4&#8243; make_equal=\u00bbon\u00bb _builder_version=\u00bb4.27.0&#8243; _module_preset=\u00bbdefault\u00bb custom_margin=\u00bb0px||0px||false|false\u00bb custom_padding=\u00bb0px||0px||false|false\u00bb global_colors_info=\u00bb{}\u00bb][et_pb_column type=\u00bb3_4&#8243; _builder_version=\u00bb4.27.0&#8243; _module_preset=\u00bbdefault\u00bb global_colors_info=\u00bb{}\u00bb][et_pb_text _builder_version=\u00bb4.27.0&#8243; _module_preset=\u00bbdefault\u00bb text_font=\u00bbOutfit|600|||||||\u00bb text_text_color=\u00bb#FFFFFF\u00bb text_font_size=\u00bb18px\u00bb text_letter_spacing=\u00bb1px\u00bb text_orientation=\u00bbcenter\u00bb background_layout=\u00bbdark\u00bb custom_margin=\u00bb0px||0px||false|false\u00bb custom_padding=\u00bb7px||0px||false|false\u00bb global_colors_info=\u00bb{}\u00bb]<\/p>\n<p>Si quieres saber m\u00e1s sobre nuestros productos y servicios<\/p>\n<p>[\/et_pb_text][\/et_pb_column][et_pb_column type=\u00bb1_4&#8243; _builder_version=\u00bb4.27.0&#8243; _module_preset=\u00bbdefault\u00bb global_colors_info=\u00bb{}\u00bb][et_pb_button button_url=\u00bb@ET-DC@eyJkeW5hbWljIjp0cnVlLCJjb250ZW50IjoicG9zdF9saW5rX3VybF9wYWdlIiwic2V0dGluZ3MiOnsicG9zdF9pZCI6IjczODk4In19@\u00bb button_text=\u00bbCont\u00e1ctanos\u00bb button_alignment=\u00bbleft\u00bb button_alignment_tablet=\u00bbcenter\u00bb button_alignment_phone=\u00bb\u00bb button_alignment_last_edited=\u00bbon|phone\u00bb _builder_version=\u00bb4.27.0&#8243; _dynamic_attributes=\u00bbbutton_url\u00bb _module_preset=\u00bbdefault\u00bb custom_button=\u00bbon\u00bb button_text_size=\u00bb18px\u00bb button_text_color=\u00bb#FFFFFF\u00bb button_bg_color=\u00bbgcid-primary-color\u00bb button_border_width=\u00bb2px\u00bb button_border_color=\u00bb#FFFFFF\u00bb button_border_radius=\u00bb7px\u00bb button_font=\u00bbOutfit|500|||||||\u00bb button_icon=\u00bb&#x39;||divi||400&#8243; button_icon_color=\u00bb#FFFFFF\u00bb button_icon_placement=\u00bbleft\u00bb custom_margin=\u00bb0px||0px|-19px|false|false\u00bb custom_padding=\u00bb0px||0px||false|false\u00bb locked=\u00bboff\u00bb global_colors_info=\u00bb{%22gcid-bfa7fe62-254b-41c2-9e7c-1655cf29ea48%22:%91%22button_bg_color__hover%22%93,%22gcid-primary-color%22:%91%22button_bg_color%22%93}\u00bb button_text_color__hover_enabled=\u00bbon|hover\u00bb button_text_color__hover=\u00bb#FFFFFF\u00bb button_bg_color__hover_enabled=\u00bbon|desktop\u00bb button_bg_color__hover=\u00bb#ffa100&#8243; button_bg_enable_color__hover=\u00bbon\u00bb][\/et_pb_button][\/et_pb_column][\/et_pb_row][\/et_pb_section]<\/p>\n","protected":false},"excerpt":{"rendered":"<p>VENTA DE PLANTAS EL\u00c9CTRICASPara la Industria y la Construcci\u00f3nCotiza la Venta de un EquipoSi conoces las caracter\u00edsticas del generador que requieres, entra a la siguiente secci\u00f3n y llena el formulario para ofrecerte nuestra mejor opci\u00f3n.Si quieres saber m\u00e1s sobre nuestros productos y servicios<\/p>\n","protected":false},"author":5,"featured_media":0,"parent":74963,"menu_order":0,"comment_status":"closed","ping_status":"closed","template":"","meta":{"_et_pb_use_builder":"on","_et_pb_old_content":"[vc_row][vc_column][\/vc_column][\/vc_row][vc_row][vc_column][product_category per_page=\"50\" columns=\"4\" orderby=\"date\" order=\"ASC\" category=\"industria-venta\"][\/vc_column][\/vc_row]","_et_gb_content_width":"","inline_featured_image":false,"footnotes":""},"class_list":["post-74975","page","type-page","status-publish","hentry"],"_links":{"self":[{"href":"https:\/\/besolutions.com.mx\/new\/wp-json\/wp\/v2\/pages\/74975","targetHints":{"allow":["GET"]}}],"collection":[{"href":"https:\/\/besolutions.com.mx\/new\/wp-json\/wp\/v2\/pages"}],"about":[{"href":"https:\/\/besolutions.com.mx\/new\/wp-json\/wp\/v2\/types\/page"}],"author":[{"embeddable":true,"href":"https:\/\/besolutions.com.mx\/new\/wp-json\/wp\/v2\/users\/5"}],"replies":[{"embeddable":true,"href":"https:\/\/besolutions.com.mx\/new\/wp-json\/wp\/v2\/comments?post=74975"}],"version-history":[{"count":6,"href":"https:\/\/besolutions.com.mx\/new\/wp-json\/wp\/v2\/pages\/74975\/revisions"}],"predecessor-version":[{"id":76333,"href":"https:\/\/besolutions.com.mx\/new\/wp-json\/wp\/v2\/pages\/74975\/revisions\/76333"}],"up":[{"embeddable":true,"href":"https:\/\/besolutions.com.mx\/new\/wp-json\/wp\/v2\/pages\/74963"}],"wp:attachment":[{"href":"https:\/\/besolutions.com.mx\/new\/wp-json\/wp\/v2\/media?parent=74975"}],"curies":[{"name":"wp","href":"https:\/\/api.w.org\/{rel}","templated":true}]}}