{"id":75727,"date":"2015-03-02T04:39:13","date_gmt":"2015-03-02T04:39:13","guid":{"rendered":"http:\/\/structure.thememove.com\/01\/?page_id=67"},"modified":"2024-09-07T02:20:12","modified_gmt":"2024-09-07T02:20:12","slug":"contacto","status":"publish","type":"page","link":"https:\/\/besolutions.com.mx\/new\/contacto\/","title":{"rendered":"Contacto"},"content":{"rendered":"<p>[et_pb_section fb_built=\u00bb1&#8243; admin_label=\u00bbsection\u00bb _builder_version=\u00bb4.27.0&#8243; background_enable_color=\u00bboff\u00bb use_background_color_gradient=\u00bbon\u00bb background_color_gradient_stops=\u00bb#ffffff 13%|gcid-c67e4c14-9f9a-4541-bcfb-a3dbe227e267 69%\u00bb custom_margin=\u00bb0px||0px||false|false\u00bb custom_padding=\u00bb0px||0px||false|false\u00bb locked=\u00bboff\u00bb global_colors_info=\u00bb{%22gcid-67960745-cc0c-4d73-b86b-ef2d6023be78%22:%91%22background_color%22,%22background_color%22,%22background_color%22%93}\u00bb][et_pb_row use_custom_gutter=\u00bbon\u00bb _builder_version=\u00bb4.27.0&#8243; _module_preset=\u00bbdefault\u00bb width=\u00bb100%\u00bb max_width=\u00bb100%\u00bb custom_margin=\u00bb0px||0px||false|false\u00bb custom_padding=\u00bb0px||0px||false|false\u00bb global_colors_info=\u00bb{}\u00bb][et_pb_column type=\u00bb4_4&#8243; _builder_version=\u00bb4.27.0&#8243; _module_preset=\u00bbdefault\u00bb global_colors_info=\u00bb{}\u00bb][et_pb_code _builder_version=\u00bb4.27.0&#8243; _module_preset=\u00bbdefault\u00bb custom_margin=\u00bb0px||0px||false|false\u00bb custom_padding=\u00bb0px||0px||false|false\u00bb border_width_top=\u00bb1px\u00bb border_color_top=\u00bbgcid-de749df5-82d7-4bad-ba2b-a56855f698d2&#8243; border_width_bottom=\u00bb1px\u00bb border_color_bottom=\u00bbgcid-de749df5-82d7-4bad-ba2b-a56855f698d2&#8243; global_colors_info=\u00bb{%22gcid-de749df5-82d7-4bad-ba2b-a56855f698d2%22:%91%22border_color_top%22,%22border_color_bottom%22%93}\u00bb]<iframe loading=\"lazy\" style=\"border: 0;\" src=\"https:\/\/www.google.com\/maps\/embed?pb=!1m14!1m8!1m3!1d30061.970237930494!2d-99.078725!3d19.638142000000002!3m2!1i1024!2i768!4f13.1!3m3!1m2!1s0x0%3A0x4237e54c54ada24f!2sBackup+Energy+Solutions+S.A.+de+C.V.!5e0!3m2!1ses-419!2sus!4v1467762194086\" width=\"99.9%\" height=\"350\" frameborder=\"0\" allowfullscreen=\"allowfullscreen\"><\/iframe>[\/et_pb_code][et_pb_divider divider_weight=\u00bb2px\u00bb _builder_version=\u00bb4.27.0&#8243; _module_preset=\u00bbdefault\u00bb custom_margin=\u00bb0px||0px||false|false\u00bb custom_padding=\u00bb0px||0px||false|false\u00bb global_colors_info=\u00bb{}\u00bb][\/et_pb_divider][\/et_pb_column][\/et_pb_row][et_pb_row _builder_version=\u00bb4.20.0&#8243; _module_preset=\u00bbdefault\u00bb locked=\u00bboff\u00bb global_colors_info=\u00bb{}\u00bb][et_pb_column type=\u00bb4_4&#8243; _builder_version=\u00bb4.20.0&#8243; _module_preset=\u00bbdefault\u00bb global_colors_info=\u00bb{}\u00bb][et_pb_text _builder_version=\u00bb4.27.0&#8243; _module_preset=\u00bb4de7c9b7-567e-4a5d-bf83-cdf4aab7b3c6&#8243; header_2_font=\u00bbOutfit|500|||||||\u00bb header_2_text_align=\u00bbcenter\u00bb header_2_font_size=\u00bb66px\u00bb custom_margin=\u00bb0px||0px||false|false\u00bb custom_padding=\u00bb0px||0px||false|false\u00bb global_colors_info=\u00bb{}\u00bb header_2_font_size_tablet=\u00bb50px\u00bb header_2_font_size_phone=\u00bb40px\u00bb header_2_font_size_last_edited=\u00bbon|phone\u00bb]<\/p>\n<h2>Contacto<\/h2>\n<p>[\/et_pb_text][\/et_pb_column][\/et_pb_row][et_pb_row column_structure=\u00bb3_5,2_5&#8243; _builder_version=\u00bb4.27.0&#8243; _module_preset=\u00bbdefault\u00bb custom_margin=\u00bb0px||0px||false|false\u00bb custom_padding=\u00bb0px||0px||false|false\u00bb global_colors_info=\u00bb{}\u00bb][et_pb_column type=\u00bb3_5&#8243; _builder_version=\u00bb4.27.0&#8243; _module_preset=\u00bbdefault\u00bb global_colors_info=\u00bb{}\u00bb][et_pb_text _builder_version=\u00bb4.27.0&#8243; _module_preset=\u00bb_initial\u00bb header_2_font=\u00bbOutfit|300|||||||\u00bb header_2_text_color=\u00bbgcid-40afeb94-f3a1-4b01-a695-ff82654e75f2&#8243; header_2_font_size=\u00bb30px\u00bb header_2_line_height=\u00bb1.3em\u00bb custom_margin=\u00bb||10px||false|false\u00bb header_2_font_size_tablet=\u00bb32px\u00bb header_2_font_size_phone=\u00bb20px\u00bb header_2_font_size_last_edited=\u00bbon|desktop\u00bb locked=\u00bboff\u00bb global_colors_info=\u00bb{%22gcid-40afeb94-f3a1-4b01-a695-ff82654e75f2%22:%91%22header_2_text_color%22%93}\u00bb]<\/p>\n<h2>Completa el Siguiente Formulario<\/h2>\n<p>[\/et_pb_text][et_pb_divider divider_weight=\u00bb2px\u00bb _builder_version=\u00bb4.27.0&#8243; _module_preset=\u00bbdefault\u00bb custom_margin=\u00bb0px||0px||false|false\u00bb custom_padding=\u00bb0px||0px||false|false\u00bb global_colors_info=\u00bb{}\u00bb][\/et_pb_divider][dvppl_cf7_styler button_alignment=\u00bbright\u00bb cf7=\u00bb584&#8243; form_field_spacing=\u00bb0px\u00bb cr_custom_styles=\u00bbon\u00bb cr_size=\u00bb15px\u00bb cr_selected_color=\u00bbgcid-primary-color\u00bb _builder_version=\u00bb4.27.0&#8243; _module_preset=\u00bbdefault\u00bb form_field_font_font=\u00bbOutfit||||||||\u00bb placeholder_font=\u00bbOutfit||||||||\u00bb custom_submit_button=\u00bbon\u00bb submit_button_bg_color=\u00bbgcid-primary-color\u00bb submit_button_border_width=\u00bb2px\u00bb submit_button_border_color=\u00bbgcid-primary-color\u00bb submit_button_font=\u00bbOutfit||||||||\u00bb border_radii_field=\u00bbon|4px|4px|4px|4px\u00bb global_colors_info=\u00bb{%22gcid-primary-color%22:%91%22cr_selected_color%22,%22submit_button_bg_color%22,%22submit_button_border_color%22%93}\u00bb][\/dvppl_cf7_styler][\/et_pb_column][et_pb_column type=\u00bb2_5&#8243; _builder_version=\u00bb4.27.0&#8243; _module_preset=\u00bbdefault\u00bb global_colors_info=\u00bb{}\u00bb][et_pb_text _builder_version=\u00bb4.27.0&#8243; _module_preset=\u00bb_initial\u00bb header_2_font=\u00bbOutfit|300|||||||\u00bb header_2_text_color=\u00bbgcid-40afeb94-f3a1-4b01-a695-ff82654e75f2&#8243; header_2_font_size=\u00bb30px\u00bb header_2_line_height=\u00bb1.3em\u00bb custom_margin=\u00bb||10px||false|false\u00bb header_2_font_size_tablet=\u00bb32px\u00bb header_2_font_size_phone=\u00bb20px\u00bb header_2_font_size_last_edited=\u00bbon|desktop\u00bb locked=\u00bboff\u00bb global_colors_info=\u00bb{%22gcid-40afeb94-f3a1-4b01-a695-ff82654e75f2%22:%91%22header_2_text_color%22%93}\u00bb]<\/p>\n<h2>Informaci\u00f3n<\/h2>\n<p>[\/et_pb_text][et_pb_divider divider_weight=\u00bb2px\u00bb _builder_version=\u00bb4.27.0&#8243; _module_preset=\u00bbdefault\u00bb custom_margin=\u00bb0px||0px||false|false\u00bb custom_padding=\u00bb0px||0px||false|false\u00bb global_colors_info=\u00bb{}\u00bb][\/et_pb_divider][et_pb_text _builder_version=\u00bb4.27.0&#8243; _module_preset=\u00bbdefault\u00bb text_font=\u00bbOutfit|600|||||||\u00bb text_text_color=\u00bbgcid-da5bd079-f69c-4367-8b1e-65cb71e96863&#8243; locked=\u00bboff\u00bb global_colors_info=\u00bb{%22gcid-da5bd079-f69c-4367-8b1e-65cb71e96863%22:%91%22text_text_color%22%93}\u00bb]<\/p>\n<p style=\"text-align: justify;\"><span>Backup Energy Solutions S.A. de C.V. \/ Bira Electr\u00f3nica Industrial S.A de C.V<\/span><\/p>\n<p>[\/et_pb_text][et_pb_icon font_icon=\u00bb&#xe081;||divi||400&#8243; icon_width=\u00bb26px\u00bb align=\u00bbleft\u00bb _builder_version=\u00bb4.27.0&#8243; _module_preset=\u00bbdefault\u00bb custom_margin=\u00bb0px||-33px|0px|false|false\u00bb custom_padding=\u00bb0px||0px|0px|false|false\u00bb global_colors_info=\u00bb{}\u00bb][\/et_pb_icon][et_pb_text _builder_version=\u00bb4.27.0&#8243; _module_preset=\u00bbdefault\u00bb text_font=\u00bbOutfit||||||||\u00bb text_text_color=\u00bbgcid-da5bd079-f69c-4367-8b1e-65cb71e96863&#8243; text_font_size=\u00bb15px\u00bb custom_margin=\u00bb0px||0px||false|false\u00bb custom_padding=\u00bb0px||0px||false|false\u00bb global_colors_info=\u00bb{%22gcid-da5bd079-f69c-4367-8b1e-65cb71e96863%22:%91%22text_text_color%22%93}\u00bb]<\/p>\n<p style=\"text-align: justify; padding-left: 40px;\"><i class=\"fa fa-map-marker\"><\/i><b>Sucursal Estado de M\u00e9xico<\/b><\/p>\n<p>[\/et_pb_text][et_pb_text _builder_version=\u00bb4.27.0&#8243; _module_preset=\u00bbdefault\u00bb custom_margin=\u00bb0px||10px||false|false\u00bb global_colors_info=\u00bb{}\u00bb]<\/p>\n<p style=\"text-align: justify; padding-left: 40px;\"><i class=\"fa fa-map-marker\"><\/i><span>Malaqu\u00edas Huitron Lote 7.<br \/>Col. San Lorenzo Tetlixtac,<br \/>Coacalco de Berriozabal,<br \/>Estado de Mexico C.P. 55714<\/span><\/p>\n<p>[\/et_pb_text][et_pb_icon font_icon=\u00bb&#xf095;||fa||900&#8243; icon_width=\u00bb20px\u00bb align=\u00bbleft\u00bb _builder_version=\u00bb4.27.0&#8243; _module_preset=\u00bbdefault\u00bb custom_margin=\u00bb0px||-25px|4px|false|false\u00bb custom_padding=\u00bb0px||0px|0px|false|false\u00bb global_colors_info=\u00bb{}\u00bb][\/et_pb_icon][et_pb_text _builder_version=\u00bb4.27.0&#8243; _module_preset=\u00bbdefault\u00bb global_colors_info=\u00bb{}\u00bb]<\/p>\n<p style=\"text-align: justify; padding-left: 40px;\"><b><i class=\"fa fa-map-marker\"><\/i>(55) 2489 0133 y (56) 1138 0690<\/b><\/p>\n<p>[\/et_pb_text][et_pb_divider show_divider=\u00bboff\u00bb _builder_version=\u00bb4.27.0&#8243; _module_preset=\u00bbdefault\u00bb height=\u00bb30px\u00bb global_colors_info=\u00bb{}\u00bb][\/et_pb_divider][et_pb_icon font_icon=\u00bb&#xe081;||divi||400&#8243; icon_width=\u00bb26px\u00bb align=\u00bbleft\u00bb _builder_version=\u00bb4.27.0&#8243; _module_preset=\u00bbdefault\u00bb custom_margin=\u00bb0px||-33px|0px|false|false\u00bb custom_padding=\u00bb0px||0px|0px|false|false\u00bb global_colors_info=\u00bb{}\u00bb][\/et_pb_icon][et_pb_text _builder_version=\u00bb4.27.0&#8243; _module_preset=\u00bbdefault\u00bb text_font=\u00bbOutfit||||||||\u00bb text_text_color=\u00bbgcid-da5bd079-f69c-4367-8b1e-65cb71e96863&#8243; text_font_size=\u00bb15px\u00bb custom_margin=\u00bb0px||0px||false|false\u00bb custom_padding=\u00bb0px||0px||false|false\u00bb global_colors_info=\u00bb{%22gcid-da5bd079-f69c-4367-8b1e-65cb71e96863%22:%91%22text_text_color%22%93}\u00bb]<\/p>\n<p style=\"text-align: justify; padding-left: 40px;\"><i class=\"fa fa-map-marker\"><\/i><b>Sucursal Acapulco<\/b><\/p>\n<p>[\/et_pb_text][et_pb_text _builder_version=\u00bb4.27.0&#8243; _module_preset=\u00bbdefault\u00bb custom_margin=\u00bb0px||10px||false|false\u00bb global_colors_info=\u00bb{}\u00bb]<\/p>\n<p style=\"text-align: justify; padding-left: 40px;\"><i class=\"fa fa-map-marker\"><\/i><span>Boulevard de las Naciones 1479,<br \/>Col. La Zanja, Acapulco,<br \/>Guerrero, C.P. 39906<\/span><\/p>\n<p>[\/et_pb_text][et_pb_icon font_icon=\u00bb&#xf095;||fa||900&#8243; icon_width=\u00bb20px\u00bb align=\u00bbleft\u00bb _builder_version=\u00bb4.27.0&#8243; _module_preset=\u00bbdefault\u00bb custom_margin=\u00bb0px||-25px|4px|false|false\u00bb custom_padding=\u00bb0px||0px|0px|false|false\u00bb global_colors_info=\u00bb{}\u00bb][\/et_pb_icon][et_pb_text _builder_version=\u00bb4.27.0&#8243; _module_preset=\u00bbdefault\u00bb global_colors_info=\u00bb{}\u00bb]<\/p>\n<p style=\"text-align: justify; padding-left: 40px;\"><b><i class=\"fa fa-map-marker\"><\/i>(744) 200 3059<\/b><\/p>\n<p>[\/et_pb_text][\/et_pb_column][\/et_pb_row][\/et_pb_section][et_pb_section fb_built=\u00bb1&#8243; _builder_version=\u00bb4.27.0&#8243; _module_preset=\u00bbdefault\u00bb background_color=\u00bb#f6f5f4&#8243; custom_margin=\u00bb0px||0px||false|false\u00bb custom_padding=\u00bb0px||0px||false|false\u00bb global_colors_info=\u00bb{}\u00bb][et_pb_row _builder_version=\u00bb4.27.0&#8243; _module_preset=\u00bbdefault\u00bb custom_margin=\u00bb0px||0px||false|false\u00bb custom_padding=\u00bb0px||0px||false|false\u00bb global_colors_info=\u00bb{}\u00bb][et_pb_column type=\u00bb4_4&#8243; _builder_version=\u00bb4.27.0&#8243; _module_preset=\u00bbdefault\u00bb global_colors_info=\u00bb{}\u00bb][et_pb_divider show_divider=\u00bboff\u00bb _builder_version=\u00bb4.27.0&#8243; _module_preset=\u00bbdefault\u00bb height=\u00bb60px\u00bb custom_margin=\u00bb0px||0px||false|false\u00bb custom_padding=\u00bb0px||0px||false|false\u00bb global_colors_info=\u00bb{}\u00bb][\/et_pb_divider][\/et_pb_column][\/et_pb_row][\/et_pb_section]<\/p>\n","protected":false},"excerpt":{"rendered":"<p>ContactoCompleta el Siguiente Formulario<div class=\"et_pb_module dvppl_cf7_styler dvppl_cf7_styler_0\">\n\t\t\t\t\n\t\t\t\t\n\t\t\t\t\n\t\t\t\t\n\t\t\t\t\n\t\t\t\t\n\t\t\t\t<div class=\"et_pb_module_inner\">\n\t\t\t\t\t<div class=\"dipe-cf7-container dipe-cf7-button-right\">\n\t\t\t\t\n\t\t\t\t<div class=\"dipe-cf7 dipe-cf7-styler dipe-cf7-cr\">\n\t\t\t\t\t\n<div class=\"wpcf7 no-js\" id=\"wpcf7-f584-o1\" lang=\"en-US\" dir=\"ltr\">\n<div class=\"screen-reader-response\"><p role=\"status\" aria-live=\"polite\" aria-atomic=\"true\"><\/p> <ul><\/ul><\/div>\n<form action=\"\/new\/wp-json\/wp\/v2\/pages\/75727#wpcf7-f584-o1\" method=\"post\" class=\"wpcf7-form init\" aria-label=\"Contact form\" novalidate=\"novalidate\" data-status=\"init\">\n<div style=\"display: none;\">\n<input type=\"hidden\" name=\"_wpcf7\" value=\"584\" \/>\n<input type=\"hidden\" name=\"_wpcf7_version\" value=\"5.9.8\" \/>\n<input type=\"hidden\" name=\"_wpcf7_locale\" value=\"en_US\" \/>\n<input type=\"hidden\" name=\"_wpcf7_unit_tag\" value=\"wpcf7-f584-o1\" \/>\n<input type=\"hidden\" name=\"_wpcf7_container_post\" value=\"0\" \/>\n<input type=\"hidden\" name=\"_wpcf7_posted_data_hash\" value=\"\" \/>\n<input type=\"hidden\" name=\"_wpcf7_recaptcha_response\" value=\"\" \/>\n<\/div>\n<div class=\"row\">\n\t<div class=\"col-md-4\">\n\t\t<p><span class=\"wpcf7-form-control-wrap\" data-name=\"your-name\"><input size=\"40\" maxlength=\"400\" class=\"wpcf7-form-control wpcf7-text wpcf7-validates-as-required\" aria-required=\"true\" aria-invalid=\"false\" placeholder=\"Nombre\" value=\"\" type=\"text\" name=\"your-name\" \/><\/span>\n\t\t<\/p>\n\t<\/div>\n\t<div class=\"col-md-4\">\n\t\t<p><span class=\"wpcf7-form-control-wrap\" data-name=\"your-email\"><input size=\"40\" maxlength=\"400\" class=\"wpcf7-form-control wpcf7-email wpcf7-validates-as-required wpcf7-text wpcf7-validates-as-email\" aria-required=\"true\" aria-invalid=\"false\" placeholder=\"Email\" value=\"\" type=\"email\" name=\"your-email\" \/><\/span>\n\t\t<\/p>\n\t<\/div>\n\t<div class=\"col-md-4\">\n\t\t<p><span class=\"wpcf7-form-control-wrap\" data-name=\"your-phone\"><input size=\"40\" maxlength=\"400\" class=\"wpcf7-form-control wpcf7-text wpcf7-validates-as-required\" aria-required=\"true\" aria-invalid=\"false\" placeholder=\"Tel\u00e9fono\" value=\"\" type=\"text\" name=\"your-phone\" \/><\/span>\n\t\t<\/p>\n\t<\/div>\n\t<div class=\"col-md-12\">\n\t\t<p><span class=\"wpcf7-form-control-wrap\" data-name=\"your-subject\"><input size=\"40\" maxlength=\"400\" class=\"wpcf7-form-control wpcf7-text\" aria-invalid=\"false\" placeholder=\"Asunto\" value=\"\" type=\"text\" name=\"your-subject\" \/><\/span>\n\t\t<\/p>\n\t<\/div>\n\t<div class=\"col-md-12\">\n\t\t<p><span class=\"wpcf7-form-control-wrap\" data-name=\"your-message\"><textarea cols=\"40\" rows=\"10\" maxlength=\"2000\" class=\"wpcf7-form-control wpcf7-textarea\" aria-invalid=\"false\" placeholder=\"Mensaje\" name=\"your-message\"><\/textarea><\/span>\n\t\t<\/p>\n\t<\/div>\n\t<div class=\"col-md-12\">\n\t\t<p><input class=\"wpcf7-form-control wpcf7-submit has-spinner\" type=\"submit\" value=\"Enviar Mensaje\" \/>\n\t\t<\/p>\n\t<\/div>\n<\/div><p style=\"display: none !important;\" class=\"akismet-fields-container\" data-prefix=\"_wpcf7_ak_\"><label>&#916;<textarea name=\"_wpcf7_ak_hp_textarea\" cols=\"45\" rows=\"8\" maxlength=\"100\"><\/textarea><\/label><input type=\"hidden\" id=\"ak_js_1\" name=\"_wpcf7_ak_js\" value=\"11\"\/><script>document.getElementById( \"ak_js_1\" ).setAttribute( \"value\", ( new Date() ).getTime() );<\/script><\/p><div class=\"wpcf7-response-output\" aria-hidden=\"true\"><\/div>\n<\/form>\n<\/div>\n\n\t\t\t\t<\/div>\n\t\t\t<\/div>\n\t\t\t\t<\/div>\n\t\t\t<\/div>Informaci\u00f3nBackup Energy Solutions S.A. de C.V. \/ Bira Electr\u00f3nica Industrial S.A de C.VSucursal Estado de M\u00e9xicoMalaqu\u00edas Huitron Lote 7.Col. San Lorenzo Tetlixtac,Coacalco de Berriozabal,Estado de Mexico C.P. 55714(55) 2489 0133 y (56) 1138 0690Sucursal AcapulcoBoulevard [&hellip;]<\/p>\n","protected":false},"author":5,"featured_media":0,"parent":0,"menu_order":0,"comment_status":"closed","ping_status":"closed","template":"","meta":{"_et_pb_use_builder":"on","_et_pb_old_content":"[vc_row type=\"full_width\" css=\".vc_custom_1472167494252{margin-top: 20px !important;margin-bottom: 40px !important;}\"][vc_column][vc_column_text]<iframe style=\"border: 0;\" src=\"https:\/\/www.google.com\/maps\/embed?pb=!1m14!1m8!1m3!1d30061.970237930494!2d-99.078725!3d19.638142000000002!3m2!1i1024!2i768!4f13.1!3m3!1m2!1s0x0%3A0x4237e54c54ada24f!2sBackup+Energy+Solutions+S.A.+de+C.V.!5e0!3m2!1ses-419!2sus!4v1467762194086\" width=\"99.9%\" height=\"350\" frameborder=\"0\" allowfullscreen=\"allowfullscreen\"><\/iframe>[\/vc_column_text][\/vc_column][\/vc_row][vc_row][vc_column width=\"3\/4\"][vc_custom_heading text=\"COMPLETA EL SIGUIENTE FORMULARIO\" font_container=\"tag:h2|font_size:20|text_align:left\" el_class=\"heading-title-3\"][vc_empty_space height=\"30\"][contact-form-7 id=\"584\"][\/vc_column][vc_column width=\"1\/4\"][vc_row_inner css=\".vc_custom_1433413594838{margin-bottom: 40px !important;}\"][vc_column_inner][vc_custom_heading text=\"INFORMACI\u00d3N\" font_container=\"tag:h2|font_size:20|text_align:left\" el_class=\"heading-title-3\"][vc_column_text]\n<div class=\"contact-info\">\n<h4 class=\"color-000\">Backup Energy Solutions S.A. de C.V. \/ Bira Electr\u00f3nica Industrial S.A de C.V<\/h4>\n<i class=\"fa fa-map-marker\"><\/i> <strong>Sucursal Estado de M\u00e9xico<\/strong>\nMalaqu\u00edas Huitron Lote 7. Col. San Lorenzo Tetlixtac, Coacalco de Berriozabal, Estado de Mexico C.P. 55714\n\n<i class=\"fa fa-phone\"><\/i> (55) 2489 0133 y 5891 1307\n\n<i class=\"fa fa-envelope\"><\/i> <a href=\"mailto:info@besolutions.com.mx\">info@besolutions.com.mx <\/a>\n<i class=\"fa fa-envelope\"><\/i> <a href=\"mailto:lucy@besolutions.com.mx\">lucy@besolutions.com.mx <\/a>\n\n<i class=\"fa fa-map-marker\"><\/i> <strong>Sucursal Acapulco<\/strong>\nBoulevard de las Naciones No. 1479 Col. La Zanja, Acapulco, Guerrero, CP 39906\n\n<i class=\"fa fa-phone\"><\/i> (744) 200 30 59 y 410 02 68\n\n<i class=\"fa fa-envelope\"><\/i> <a href=\"mailto:ventasacapulco@besolutions.com.mx\">ventasacapulco@besolutions.com.mx<\/a>\n<i class=\"fa fa-envelope\"><\/i> <a href=\"mailto:sperez@besolutions.com.mx \">sperez@besolutions.com.mx<\/a>\n\n<\/div>\n[\/vc_column_text][\/vc_column_inner][\/vc_row_inner][\/vc_column][\/vc_row]","_et_gb_content_width":"","inline_featured_image":false,"footnotes":""},"class_list":["post-75727","page","type-page","status-publish","hentry"],"_links":{"self":[{"href":"https:\/\/besolutions.com.mx\/new\/wp-json\/wp\/v2\/pages\/75727","targetHints":{"allow":["GET"]}}],"collection":[{"href":"https:\/\/besolutions.com.mx\/new\/wp-json\/wp\/v2\/pages"}],"about":[{"href":"https:\/\/besolutions.com.mx\/new\/wp-json\/wp\/v2\/types\/page"}],"author":[{"embeddable":true,"href":"https:\/\/besolutions.com.mx\/new\/wp-json\/wp\/v2\/users\/5"}],"replies":[{"embeddable":true,"href":"https:\/\/besolutions.com.mx\/new\/wp-json\/wp\/v2\/comments?post=75727"}],"version-history":[{"count":6,"href":"https:\/\/besolutions.com.mx\/new\/wp-json\/wp\/v2\/pages\/75727\/revisions"}],"predecessor-version":[{"id":76344,"href":"https:\/\/besolutions.com.mx\/new\/wp-json\/wp\/v2\/pages\/75727\/revisions\/76344"}],"wp:attachment":[{"href":"https:\/\/besolutions.com.mx\/new\/wp-json\/wp\/v2\/media?parent=75727"}],"curies":[{"name":"wp","href":"https:\/\/api.w.org\/{rel}","templated":true}]}}